{"id":133,"date":"2026-04-15T13:41:18","date_gmt":"2026-04-15T13:41:18","guid":{"rendered":"https:\/\/mmarin.santcugatesn.com\/?page_id=133"},"modified":"2026-04-23T08:13:14","modified_gmt":"2026-04-23T08:13:14","slug":"contacta-con-clementina-merletti","status":"publish","type":"page","link":"https:\/\/mmarin.santcugatesn.com\/index.php\/contacta-con-clementina-merletti\/","title":{"rendered":"CONTACTANOS"},"content":{"rendered":"\n<p><strong>Contacta<\/strong> con <strong>Clementina Merletti<\/strong> para consultas sobre <strong>nuestros bolsos<\/strong> artesanales de edici\u00f3n limitada. <strong>Estamos<\/strong> aqu\u00ed <strong>para ayudarte <\/strong>a encontrar tu pieza ideal.<\/p>\n\n\n\n<figure class=\"wp-block-image size-full is-resized\"><img loading=\"lazy\" decoding=\"async\" width=\"478\" height=\"442\" src=\"https:\/\/mmarin.santcugatesn.com\/wp-content\/uploads\/2026\/04\/Captura-de-pantalla-2026-04-15-a-les-15.36.48.png\" alt=\"Clementina Merletti | Contactanos\" class=\"wp-image-134\" style=\"aspect-ratio:1.0815201624601103;width:122px;height:auto\" srcset=\"https:\/\/mmarin.santcugatesn.com\/wp-content\/uploads\/2026\/04\/Captura-de-pantalla-2026-04-15-a-les-15.36.48.png 478w, https:\/\/mmarin.santcugatesn.com\/wp-content\/uploads\/2026\/04\/Captura-de-pantalla-2026-04-15-a-les-15.36.48-300x277.png 300w\" sizes=\"auto, (max-width: 478px) 100vw, 478px\" \/><\/figure>\n\n\n\n<div class=\"wpcf7 no-js\" id=\"wpcf7-f5-o1\" lang=\"en-US\" dir=\"ltr\" data-wpcf7-id=\"5\">\n<div class=\"screen-reader-response\"><p role=\"status\" aria-live=\"polite\" aria-atomic=\"true\"><\/p> <ul><\/ul><\/div>\n<form action=\"\/index.php\/wp-json\/wp\/v2\/pages\/133#wpcf7-f5-o1\" method=\"post\" class=\"wpcf7-form init\" aria-label=\"Contact form\" novalidate=\"novalidate\" data-status=\"init\">\n<fieldset class=\"hidden-fields-container\"><input type=\"hidden\" name=\"_wpcf7\" value=\"5\" \/><input type=\"hidden\" name=\"_wpcf7_version\" value=\"6.1.5\" \/><input type=\"hidden\" name=\"_wpcf7_locale\" value=\"en_US\" \/><input type=\"hidden\" name=\"_wpcf7_unit_tag\" value=\"wpcf7-f5-o1\" \/><input type=\"hidden\" name=\"_wpcf7_container_post\" value=\"0\" \/><input type=\"hidden\" name=\"_wpcf7_posted_data_hash\" value=\"\" \/>\n<\/fieldset>\n<p><label> Your name<br \/>\n<span class=\"wpcf7-form-control-wrap\" data-name=\"your-name\"><input size=\"40\" maxlength=\"400\" class=\"wpcf7-form-control wpcf7-text wpcf7-validates-as-required\" autocomplete=\"name\" aria-required=\"true\" aria-invalid=\"false\" value=\"\" type=\"text\" name=\"your-name\" \/><\/span> <\/label>\n<\/p>\n<p><label> Your email<br \/>\n<span class=\"wpcf7-form-control-wrap\" data-name=\"your-email\"><input size=\"40\" maxlength=\"400\" class=\"wpcf7-form-control wpcf7-email wpcf7-validates-as-required wpcf7-text wpcf7-validates-as-email\" autocomplete=\"email\" aria-required=\"true\" aria-invalid=\"false\" value=\"\" type=\"email\" name=\"your-email\" \/><\/span> <\/label>\n<\/p>\n<p><label> Subject<br \/>\n<span class=\"wpcf7-form-control-wrap\" data-name=\"your-subject\"><input size=\"40\" maxlength=\"400\" class=\"wpcf7-form-control wpcf7-text wpcf7-validates-as-required\" aria-required=\"true\" aria-invalid=\"false\" value=\"\" type=\"text\" name=\"your-subject\" \/><\/span> <\/label>\n<\/p>\n<p><label> Your message (optional)<br \/>\n<span class=\"wpcf7-form-control-wrap\" data-name=\"your-message\"><textarea cols=\"40\" rows=\"10\" maxlength=\"2000\" class=\"wpcf7-form-control wpcf7-textarea\" aria-invalid=\"false\" name=\"your-message\"><\/textarea><\/span> <\/label>\n<\/p>\n<p><input class=\"wpcf7-form-control wpcf7-submit has-spinner\" type=\"submit\" value=\"Submit\" \/>\n<\/p><div class=\"wpcf7-response-output\" aria-hidden=\"true\"><\/div>\n<\/form>\n<\/div>\n\n\n\n\n<p><a href=\"https:\/\/mmarin.santcugatesn.com\">!Descubre m\u00e1s sobre Clementi!<\/a><\/p>\n","protected":false},"excerpt":{"rendered":"<p>Contacta con Clementina Merletti para consultas sobre nuestros bolsos artesanales de edici\u00f3n limitada. Estamos aqu\u00ed para ayudarte a encontrar tu pieza ideal. !Descubre m\u00e1s sobre Clementi!<\/p>\n","protected":false},"author":1,"featured_media":0,"parent":0,"menu_order":0,"comment_status":"closed","ping_status":"closed","template":"","meta":{"_joinchat":[],"footnotes":""},"class_list":["post-133","page","type-page","status-publish","hentry"],"yoast_head":"<!-- This site is optimized with the Yoast SEO plugin v27.4 - https:\/\/yoast.com\/product\/yoast-seo-wordpress\/ -->\n<title>Contacta con Clementina Merletti<\/title>\n<meta name=\"description\" content=\"Contacta con Clementina Merletti para consultas sobre nuestros. Estamos aqu\u00ed para ayudarte a encontrar tu pieza ideal.\" \/>\n<meta name=\"robots\" content=\"index, follow, max-snippet:-1, max-image-preview:large, max-video-preview:-1\" \/>\n<link rel=\"canonical\" href=\"https:\/\/mmarin.santcugatesn.com\/index.php\/contacta-con-clementina-merletti\/\" \/>\n<meta property=\"og:locale\" content=\"es_ES\" \/>\n<meta property=\"og:type\" content=\"article\" \/>\n<meta property=\"og:title\" content=\"Contacta con Clementina Merletti\" \/>\n<meta property=\"og:description\" content=\"Contacta con Clementina Merletti para consultas sobre nuestros. Estamos aqu\u00ed para ayudarte a encontrar tu pieza ideal.\" \/>\n<meta property=\"og:url\" content=\"https:\/\/mmarin.santcugatesn.com\/index.php\/contacta-con-clementina-merletti\/\" \/>\n<meta property=\"article:modified_time\" content=\"2026-04-23T08:13:14+00:00\" \/>\n<meta property=\"og:image\" content=\"https:\/\/mmarin.santcugatesn.com\/wp-content\/uploads\/2026\/04\/Captura-de-pantalla-2026-04-15-a-les-15.36.48.png\" \/>\n\t<meta property=\"og:image:width\" content=\"478\" \/>\n\t<meta property=\"og:image:height\" content=\"442\" \/>\n\t<meta property=\"og:image:type\" content=\"image\/png\" \/>\n<meta name=\"twitter:card\" content=\"summary_large_image\" \/>\n<meta name=\"twitter:label1\" content=\"Tiempo de lectura\" \/>\n\t<meta name=\"twitter:data1\" content=\"1 minuto\" \/>\n<script type=\"application\/ld+json\" class=\"yoast-schema-graph\">{\"@context\":\"https:\\\/\\\/schema.org\",\"@graph\":[{\"@type\":\"WebPage\",\"@id\":\"https:\\\/\\\/mmarin.santcugatesn.com\\\/index.php\\\/contacta-con-clementina-merletti\\\/\",\"url\":\"https:\\\/\\\/mmarin.santcugatesn.com\\\/index.php\\\/contacta-con-clementina-merletti\\\/\",\"name\":\"Contacta con Clementina Merletti\",\"isPartOf\":{\"@id\":\"https:\\\/\\\/mmarin.santcugatesn.com\\\/#website\"},\"primaryImageOfPage\":{\"@id\":\"https:\\\/\\\/mmarin.santcugatesn.com\\\/index.php\\\/contacta-con-clementina-merletti\\\/#primaryimage\"},\"image\":{\"@id\":\"https:\\\/\\\/mmarin.santcugatesn.com\\\/index.php\\\/contacta-con-clementina-merletti\\\/#primaryimage\"},\"thumbnailUrl\":\"https:\\\/\\\/mmarin.santcugatesn.com\\\/wp-content\\\/uploads\\\/2026\\\/04\\\/Captura-de-pantalla-2026-04-15-a-les-15.36.48.png\",\"datePublished\":\"2026-04-15T13:41:18+00:00\",\"dateModified\":\"2026-04-23T08:13:14+00:00\",\"description\":\"Contacta con Clementina Merletti para consultas sobre nuestros. Estamos aqu\u00ed para ayudarte a encontrar tu pieza ideal.\",\"breadcrumb\":{\"@id\":\"https:\\\/\\\/mmarin.santcugatesn.com\\\/index.php\\\/contacta-con-clementina-merletti\\\/#breadcrumb\"},\"inLanguage\":\"es\",\"potentialAction\":[{\"@type\":\"ReadAction\",\"target\":[\"https:\\\/\\\/mmarin.santcugatesn.com\\\/index.php\\\/contacta-con-clementina-merletti\\\/\"]}]},{\"@type\":\"ImageObject\",\"inLanguage\":\"es\",\"@id\":\"https:\\\/\\\/mmarin.santcugatesn.com\\\/index.php\\\/contacta-con-clementina-merletti\\\/#primaryimage\",\"url\":\"https:\\\/\\\/mmarin.santcugatesn.com\\\/wp-content\\\/uploads\\\/2026\\\/04\\\/Captura-de-pantalla-2026-04-15-a-les-15.36.48.png\",\"contentUrl\":\"https:\\\/\\\/mmarin.santcugatesn.com\\\/wp-content\\\/uploads\\\/2026\\\/04\\\/Captura-de-pantalla-2026-04-15-a-les-15.36.48.png\",\"width\":478,\"height\":442,\"caption\":\"Clementina Merletti | Contactanos\"},{\"@type\":\"BreadcrumbList\",\"@id\":\"https:\\\/\\\/mmarin.santcugatesn.com\\\/index.php\\\/contacta-con-clementina-merletti\\\/#breadcrumb\",\"itemListElement\":[{\"@type\":\"ListItem\",\"position\":1,\"name\":\"Home\",\"item\":\"https:\\\/\\\/mmarin.santcugatesn.com\\\/\"},{\"@type\":\"ListItem\",\"position\":2,\"name\":\"CONTACTANOS\"}]},{\"@type\":\"WebSite\",\"@id\":\"https:\\\/\\\/mmarin.santcugatesn.com\\\/#website\",\"url\":\"https:\\\/\\\/mmarin.santcugatesn.com\\\/\",\"name\":\"\",\"description\":\"\",\"potentialAction\":[{\"@type\":\"SearchAction\",\"target\":{\"@type\":\"EntryPoint\",\"urlTemplate\":\"https:\\\/\\\/mmarin.santcugatesn.com\\\/?s={search_term_string}\"},\"query-input\":{\"@type\":\"PropertyValueSpecification\",\"valueRequired\":true,\"valueName\":\"search_term_string\"}}],\"inLanguage\":\"es\"}]}<\/script>\n<!-- \/ Yoast SEO plugin. -->","yoast_head_json":{"title":"Contacta con Clementina Merletti","description":"Contacta con Clementina Merletti para consultas sobre nuestros. Estamos aqu\u00ed para ayudarte a encontrar tu pieza ideal.","robots":{"index":"index","follow":"follow","max-snippet":"max-snippet:-1","max-image-preview":"max-image-preview:large","max-video-preview":"max-video-preview:-1"},"canonical":"https:\/\/mmarin.santcugatesn.com\/index.php\/contacta-con-clementina-merletti\/","og_locale":"es_ES","og_type":"article","og_title":"Contacta con Clementina Merletti","og_description":"Contacta con Clementina Merletti para consultas sobre nuestros. Estamos aqu\u00ed para ayudarte a encontrar tu pieza ideal.","og_url":"https:\/\/mmarin.santcugatesn.com\/index.php\/contacta-con-clementina-merletti\/","article_modified_time":"2026-04-23T08:13:14+00:00","og_image":[{"width":478,"height":442,"url":"https:\/\/mmarin.santcugatesn.com\/wp-content\/uploads\/2026\/04\/Captura-de-pantalla-2026-04-15-a-les-15.36.48.png","type":"image\/png"}],"twitter_card":"summary_large_image","twitter_misc":{"Tiempo de lectura":"1 minuto"},"schema":{"@context":"https:\/\/schema.org","@graph":[{"@type":"WebPage","@id":"https:\/\/mmarin.santcugatesn.com\/index.php\/contacta-con-clementina-merletti\/","url":"https:\/\/mmarin.santcugatesn.com\/index.php\/contacta-con-clementina-merletti\/","name":"Contacta con Clementina Merletti","isPartOf":{"@id":"https:\/\/mmarin.santcugatesn.com\/#website"},"primaryImageOfPage":{"@id":"https:\/\/mmarin.santcugatesn.com\/index.php\/contacta-con-clementina-merletti\/#primaryimage"},"image":{"@id":"https:\/\/mmarin.santcugatesn.com\/index.php\/contacta-con-clementina-merletti\/#primaryimage"},"thumbnailUrl":"https:\/\/mmarin.santcugatesn.com\/wp-content\/uploads\/2026\/04\/Captura-de-pantalla-2026-04-15-a-les-15.36.48.png","datePublished":"2026-04-15T13:41:18+00:00","dateModified":"2026-04-23T08:13:14+00:00","description":"Contacta con Clementina Merletti para consultas sobre nuestros. Estamos aqu\u00ed para ayudarte a encontrar tu pieza ideal.","breadcrumb":{"@id":"https:\/\/mmarin.santcugatesn.com\/index.php\/contacta-con-clementina-merletti\/#breadcrumb"},"inLanguage":"es","potentialAction":[{"@type":"ReadAction","target":["https:\/\/mmarin.santcugatesn.com\/index.php\/contacta-con-clementina-merletti\/"]}]},{"@type":"ImageObject","inLanguage":"es","@id":"https:\/\/mmarin.santcugatesn.com\/index.php\/contacta-con-clementina-merletti\/#primaryimage","url":"https:\/\/mmarin.santcugatesn.com\/wp-content\/uploads\/2026\/04\/Captura-de-pantalla-2026-04-15-a-les-15.36.48.png","contentUrl":"https:\/\/mmarin.santcugatesn.com\/wp-content\/uploads\/2026\/04\/Captura-de-pantalla-2026-04-15-a-les-15.36.48.png","width":478,"height":442,"caption":"Clementina Merletti | Contactanos"},{"@type":"BreadcrumbList","@id":"https:\/\/mmarin.santcugatesn.com\/index.php\/contacta-con-clementina-merletti\/#breadcrumb","itemListElement":[{"@type":"ListItem","position":1,"name":"Home","item":"https:\/\/mmarin.santcugatesn.com\/"},{"@type":"ListItem","position":2,"name":"CONTACTANOS"}]},{"@type":"WebSite","@id":"https:\/\/mmarin.santcugatesn.com\/#website","url":"https:\/\/mmarin.santcugatesn.com\/","name":"","description":"","potentialAction":[{"@type":"SearchAction","target":{"@type":"EntryPoint","urlTemplate":"https:\/\/mmarin.santcugatesn.com\/?s={search_term_string}"},"query-input":{"@type":"PropertyValueSpecification","valueRequired":true,"valueName":"search_term_string"}}],"inLanguage":"es"}]}},"_links":{"self":[{"href":"https:\/\/mmarin.santcugatesn.com\/index.php\/wp-json\/wp\/v2\/pages\/133","targetHints":{"allow":["GET"]}}],"collection":[{"href":"https:\/\/mmarin.santcugatesn.com\/index.php\/wp-json\/wp\/v2\/pages"}],"about":[{"href":"https:\/\/mmarin.santcugatesn.com\/index.php\/wp-json\/wp\/v2\/types\/page"}],"author":[{"embeddable":true,"href":"https:\/\/mmarin.santcugatesn.com\/index.php\/wp-json\/wp\/v2\/users\/1"}],"replies":[{"embeddable":true,"href":"https:\/\/mmarin.santcugatesn.com\/index.php\/wp-json\/wp\/v2\/comments?post=133"}],"version-history":[{"count":3,"href":"https:\/\/mmarin.santcugatesn.com\/index.php\/wp-json\/wp\/v2\/pages\/133\/revisions"}],"predecessor-version":[{"id":258,"href":"https:\/\/mmarin.santcugatesn.com\/index.php\/wp-json\/wp\/v2\/pages\/133\/revisions\/258"}],"wp:attachment":[{"href":"https:\/\/mmarin.santcugatesn.com\/index.php\/wp-json\/wp\/v2\/media?parent=133"}],"curies":[{"name":"wp","href":"https:\/\/api.w.org\/{rel}","templated":true}]}}