{"id":59,"date":"2026-04-13T11:35:37","date_gmt":"2026-04-13T11:35:37","guid":{"rendered":"https:\/\/mmarin.santcugatesn.com\/?post_type=product&#038;p=59"},"modified":"2026-04-16T15:31:24","modified_gmt":"2026-04-16T15:31:24","slug":"la-nuit-noire","status":"publish","type":"product","link":"https:\/\/mmarin.santcugatesn.com\/index.php\/product\/la-nuit-noire\/","title":{"rendered":""},"content":{"rendered":"<p data-path-to-node=\"8\">Donde la oscuridad se convierte en libertad. Nuestra primera edici\u00f3n, La Nuit Noire, rinde homenaje a esas mujeres de los a\u00f1os 40 que conquistaron la noche, haciendo suya la elegancia y la autonom\u00eda bajo las luces de la ciudad. Una pieza de estructura arquitect\u00f3nica que rescata el glamour de otra \u00e9poca para la mujer actual. No es solo nuestro primer bolso; es el s\u00edmbolo de una historia que se escribe cuando el mundo duerme.<\/p>\n","protected":false},"excerpt":{"rendered":"<p>Bolso negro con lentejuelas La Nuit de la Noire. Primera edici\u00f3n exclusiva inspirada en la libertad y el glamour nocturno de los a\u00f1os 40.<\/p>\n","protected":false},"featured_media":60,"comment_status":"open","ping_status":"closed","template":"","meta":{"_joinchat":[]},"product_brand":[],"product_cat":[25,15],"product_tag":[],"class_list":{"0":"post-59","1":"product","2":"type-product","3":"status-publish","4":"has-post-thumbnail","6":"product_cat-la-nuit-noire","7":"product_cat-uncategorized","9":"first","10":"instock","11":"shipping-taxable","12":"purchasable","13":"product-type-simple"},"yoast_head":"<!-- This site is optimized with the Yoast SEO plugin v27.4 - https:\/\/yoast.com\/product\/yoast-seo-wordpress\/ -->\n<title>-<\/title>\n<meta name=\"robots\" content=\"index, follow, max-snippet:-1, max-image-preview:large, max-video-preview:-1\" \/>\n<link rel=\"canonical\" href=\"https:\/\/mmarin.santcugatesn.com\/index.php\/product\/la-nuit-noire\/\" \/>\n<meta property=\"og:locale\" content=\"es_ES\" \/>\n<meta property=\"og:type\" content=\"article\" \/>\n<meta property=\"og:title\" content=\"-\" \/>\n<meta property=\"og:description\" content=\"Bolso negro con lentejuelas La Nuit de la Noire. Primera edici\u00f3n exclusiva inspirada en la libertad y el glamour nocturno de los a\u00f1os 40.\" \/>\n<meta property=\"og:url\" content=\"https:\/\/mmarin.santcugatesn.com\/index.php\/product\/la-nuit-noire\/\" \/>\n<meta property=\"article:modified_time\" content=\"2026-04-16T15:31:24+00:00\" \/>\n<meta property=\"og:image\" content=\"https:\/\/mmarin.santcugatesn.com\/wp-content\/uploads\/2026\/04\/Captura-de-pantalla-2026-03-10-a-les-12.47.11.png\" \/>\n\t<meta property=\"og:image:width\" content=\"706\" \/>\n\t<meta property=\"og:image:height\" content=\"1056\" \/>\n\t<meta property=\"og:image:type\" content=\"image\/png\" \/>\n<meta name=\"twitter:card\" content=\"summary_large_image\" \/>\n<meta name=\"twitter:label1\" content=\"Tiempo de lectura\" \/>\n\t<meta name=\"twitter:data1\" content=\"1 minuto\" \/>\n<script type=\"application\/ld+json\" class=\"yoast-schema-graph\">{\"@context\":\"https:\\\/\\\/schema.org\",\"@graph\":[{\"@type\":\"WebPage\",\"@id\":\"https:\\\/\\\/mmarin.santcugatesn.com\\\/index.php\\\/product\\\/la-nuit-noire\\\/\",\"url\":\"https:\\\/\\\/mmarin.santcugatesn.com\\\/index.php\\\/product\\\/la-nuit-noire\\\/\",\"name\":\"-\",\"isPartOf\":{\"@id\":\"https:\\\/\\\/mmarin.santcugatesn.com\\\/#website\"},\"primaryImageOfPage\":{\"@id\":\"https:\\\/\\\/mmarin.santcugatesn.com\\\/index.php\\\/product\\\/la-nuit-noire\\\/#primaryimage\"},\"image\":{\"@id\":\"https:\\\/\\\/mmarin.santcugatesn.com\\\/index.php\\\/product\\\/la-nuit-noire\\\/#primaryimage\"},\"thumbnailUrl\":\"https:\\\/\\\/mmarin.santcugatesn.com\\\/wp-content\\\/uploads\\\/2026\\\/04\\\/Captura-de-pantalla-2026-03-10-a-les-12.47.11.png\",\"datePublished\":\"2026-04-13T11:35:37+00:00\",\"dateModified\":\"2026-04-16T15:31:24+00:00\",\"breadcrumb\":{\"@id\":\"https:\\\/\\\/mmarin.santcugatesn.com\\\/index.php\\\/product\\\/la-nuit-noire\\\/#breadcrumb\"},\"inLanguage\":\"es\",\"potentialAction\":[{\"@type\":\"ReadAction\",\"target\":[\"https:\\\/\\\/mmarin.santcugatesn.com\\\/index.php\\\/product\\\/la-nuit-noire\\\/\"]}]},{\"@type\":\"ImageObject\",\"inLanguage\":\"es\",\"@id\":\"https:\\\/\\\/mmarin.santcugatesn.com\\\/index.php\\\/product\\\/la-nuit-noire\\\/#primaryimage\",\"url\":\"https:\\\/\\\/mmarin.santcugatesn.com\\\/wp-content\\\/uploads\\\/2026\\\/04\\\/Captura-de-pantalla-2026-03-10-a-les-12.47.11.png\",\"contentUrl\":\"https:\\\/\\\/mmarin.santcugatesn.com\\\/wp-content\\\/uploads\\\/2026\\\/04\\\/Captura-de-pantalla-2026-03-10-a-les-12.47.11.png\",\"width\":706,\"height\":1056},{\"@type\":\"BreadcrumbList\",\"@id\":\"https:\\\/\\\/mmarin.santcugatesn.com\\\/index.php\\\/product\\\/la-nuit-noire\\\/#breadcrumb\",\"itemListElement\":[{\"@type\":\"ListItem\",\"position\":1,\"name\":\"Home\",\"item\":\"https:\\\/\\\/mmarin.santcugatesn.com\\\/\"},{\"@type\":\"ListItem\",\"position\":2,\"name\":\"Shop\",\"item\":\"https:\\\/\\\/mmarin.santcugatesn.com\\\/index.php\\\/shop\\\/\"}]},{\"@type\":\"WebSite\",\"@id\":\"https:\\\/\\\/mmarin.santcugatesn.com\\\/#website\",\"url\":\"https:\\\/\\\/mmarin.santcugatesn.com\\\/\",\"name\":\"\",\"description\":\"\",\"potentialAction\":[{\"@type\":\"SearchAction\",\"target\":{\"@type\":\"EntryPoint\",\"urlTemplate\":\"https:\\\/\\\/mmarin.santcugatesn.com\\\/?s={search_term_string}\"},\"query-input\":{\"@type\":\"PropertyValueSpecification\",\"valueRequired\":true,\"valueName\":\"search_term_string\"}}],\"inLanguage\":\"es\"}]}<\/script>\n<!-- \/ Yoast SEO plugin. -->","yoast_head_json":{"title":"-","robots":{"index":"index","follow":"follow","max-snippet":"max-snippet:-1","max-image-preview":"max-image-preview:large","max-video-preview":"max-video-preview:-1"},"canonical":"https:\/\/mmarin.santcugatesn.com\/index.php\/product\/la-nuit-noire\/","og_locale":"es_ES","og_type":"article","og_title":"-","og_description":"Bolso negro con lentejuelas La Nuit de la Noire. Primera edici\u00f3n exclusiva inspirada en la libertad y el glamour nocturno de los a\u00f1os 40.","og_url":"https:\/\/mmarin.santcugatesn.com\/index.php\/product\/la-nuit-noire\/","article_modified_time":"2026-04-16T15:31:24+00:00","og_image":[{"width":706,"height":1056,"url":"https:\/\/mmarin.santcugatesn.com\/wp-content\/uploads\/2026\/04\/Captura-de-pantalla-2026-03-10-a-les-12.47.11.png","type":"image\/png"}],"twitter_card":"summary_large_image","twitter_misc":{"Tiempo de lectura":"1 minuto"},"schema":{"@context":"https:\/\/schema.org","@graph":[{"@type":"WebPage","@id":"https:\/\/mmarin.santcugatesn.com\/index.php\/product\/la-nuit-noire\/","url":"https:\/\/mmarin.santcugatesn.com\/index.php\/product\/la-nuit-noire\/","name":"-","isPartOf":{"@id":"https:\/\/mmarin.santcugatesn.com\/#website"},"primaryImageOfPage":{"@id":"https:\/\/mmarin.santcugatesn.com\/index.php\/product\/la-nuit-noire\/#primaryimage"},"image":{"@id":"https:\/\/mmarin.santcugatesn.com\/index.php\/product\/la-nuit-noire\/#primaryimage"},"thumbnailUrl":"https:\/\/mmarin.santcugatesn.com\/wp-content\/uploads\/2026\/04\/Captura-de-pantalla-2026-03-10-a-les-12.47.11.png","datePublished":"2026-04-13T11:35:37+00:00","dateModified":"2026-04-16T15:31:24+00:00","breadcrumb":{"@id":"https:\/\/mmarin.santcugatesn.com\/index.php\/product\/la-nuit-noire\/#breadcrumb"},"inLanguage":"es","potentialAction":[{"@type":"ReadAction","target":["https:\/\/mmarin.santcugatesn.com\/index.php\/product\/la-nuit-noire\/"]}]},{"@type":"ImageObject","inLanguage":"es","@id":"https:\/\/mmarin.santcugatesn.com\/index.php\/product\/la-nuit-noire\/#primaryimage","url":"https:\/\/mmarin.santcugatesn.com\/wp-content\/uploads\/2026\/04\/Captura-de-pantalla-2026-03-10-a-les-12.47.11.png","contentUrl":"https:\/\/mmarin.santcugatesn.com\/wp-content\/uploads\/2026\/04\/Captura-de-pantalla-2026-03-10-a-les-12.47.11.png","width":706,"height":1056},{"@type":"BreadcrumbList","@id":"https:\/\/mmarin.santcugatesn.com\/index.php\/product\/la-nuit-noire\/#breadcrumb","itemListElement":[{"@type":"ListItem","position":1,"name":"Home","item":"https:\/\/mmarin.santcugatesn.com\/"},{"@type":"ListItem","position":2,"name":"Shop","item":"https:\/\/mmarin.santcugatesn.com\/index.php\/shop\/"}]},{"@type":"WebSite","@id":"https:\/\/mmarin.santcugatesn.com\/#website","url":"https:\/\/mmarin.santcugatesn.com\/","name":"","description":"","potentialAction":[{"@type":"SearchAction","target":{"@type":"EntryPoint","urlTemplate":"https:\/\/mmarin.santcugatesn.com\/?s={search_term_string}"},"query-input":{"@type":"PropertyValueSpecification","valueRequired":true,"valueName":"search_term_string"}}],"inLanguage":"es"}]}},"_links":{"self":[{"href":"https:\/\/mmarin.santcugatesn.com\/index.php\/wp-json\/wp\/v2\/product\/59","targetHints":{"allow":["GET"]}}],"collection":[{"href":"https:\/\/mmarin.santcugatesn.com\/index.php\/wp-json\/wp\/v2\/product"}],"about":[{"href":"https:\/\/mmarin.santcugatesn.com\/index.php\/wp-json\/wp\/v2\/types\/product"}],"replies":[{"embeddable":true,"href":"https:\/\/mmarin.santcugatesn.com\/index.php\/wp-json\/wp\/v2\/comments?post=59"}],"wp:featuredmedia":[{"embeddable":true,"href":"https:\/\/mmarin.santcugatesn.com\/index.php\/wp-json\/wp\/v2\/media\/60"}],"wp:attachment":[{"href":"https:\/\/mmarin.santcugatesn.com\/index.php\/wp-json\/wp\/v2\/media?parent=59"}],"wp:term":[{"taxonomy":"product_brand","embeddable":true,"href":"https:\/\/mmarin.santcugatesn.com\/index.php\/wp-json\/wp\/v2\/product_brand?post=59"},{"taxonomy":"product_cat","embeddable":true,"href":"https:\/\/mmarin.santcugatesn.com\/index.php\/wp-json\/wp\/v2\/product_cat?post=59"},{"taxonomy":"product_tag","embeddable":true,"href":"https:\/\/mmarin.santcugatesn.com\/index.php\/wp-json\/wp\/v2\/product_tag?post=59"}],"curies":[{"name":"wp","href":"https:\/\/api.w.org\/{rel}","templated":true}]}}