{"id":68,"date":"2026-04-13T10:43:44","date_gmt":"2026-04-13T10:43:44","guid":{"rendered":"https:\/\/mmarin.santcugatesn.com\/?post_type=product&#038;p=68"},"modified":"2026-04-13T11:45:33","modified_gmt":"2026-04-13T11:45:33","slug":"luce-di-clementina","status":"publish","type":"product","link":"https:\/\/mmarin.santcugatesn.com\/index.php\/product\/luce-di-clementina\/","title":{"rendered":"LUCE DI CLEMENTINA"},"content":{"rendered":"<p>Donde la claridad revela la esencia del dise\u00f1o. Nuestra segunda edici\u00f3n, Luce di Clementina, captura la energ\u00eda vibrante y la libertad de expresi\u00f3n de los a\u00f1os 70 para elevarlas a un lenguaje contempor\u00e1neo. Inspirada en las mujeres que transformaron el estilo en un manifiesto de identidad, esta pieza fusiona la nostalgia de las siluetas con car\u00e1cter y los reflejos c\u00e1lidos con la limpieza visual del lujo actual. Un bolso modelado a mano en Espa\u00f1a que nace del optimismo y el movimiento, dise\u00f1ado para ser la luz que proyectas cuando el mundo te observa. Es el equilibrio perfecto entre la herencia de una d\u00e9cada de cambios y la funcionalidad de un nuevo legado eterno.<\/p>\n","protected":false},"excerpt":{"rendered":"<p>Bolso de piel marr\u00f3n Luce di Clementina. Nuestra segunda edici\u00f3n exclusiva inspirada en la calidez, los destellos y la libertad de expresi\u00f3n de los a\u00f1os 70.<\/p>\n","protected":false},"featured_media":69,"comment_status":"open","ping_status":"closed","template":"","meta":{"_joinchat":[]},"product_brand":[],"product_cat":[26],"product_tag":[],"class_list":{"0":"post-68","1":"product","2":"type-product","3":"status-publish","4":"has-post-thumbnail","6":"product_cat-luce-di-clementina","8":"first","9":"instock","10":"shipping-taxable","11":"purchasable","12":"product-type-simple"},"yoast_head":"<!-- This site is optimized with the Yoast SEO plugin v27.4 - https:\/\/yoast.com\/product\/yoast-seo-wordpress\/ -->\n<title>LUCE DI CLEMENTINA -<\/title>\n<meta name=\"robots\" content=\"index, follow, max-snippet:-1, max-image-preview:large, max-video-preview:-1\" \/>\n<link rel=\"canonical\" href=\"https:\/\/mmarin.santcugatesn.com\/index.php\/product\/luce-di-clementina\/\" \/>\n<meta property=\"og:locale\" content=\"es_ES\" \/>\n<meta property=\"og:type\" content=\"article\" \/>\n<meta property=\"og:title\" content=\"LUCE DI CLEMENTINA -\" \/>\n<meta property=\"og:description\" content=\"Bolso de piel marr\u00f3n Luce di Clementina. Nuestra segunda edici\u00f3n exclusiva inspirada en la calidez, los destellos y la libertad de expresi\u00f3n de los a\u00f1os 70.\" \/>\n<meta property=\"og:url\" content=\"https:\/\/mmarin.santcugatesn.com\/index.php\/product\/luce-di-clementina\/\" \/>\n<meta property=\"article:modified_time\" content=\"2026-04-13T11:45:33+00:00\" \/>\n<meta property=\"og:image\" content=\"https:\/\/mmarin.santcugatesn.com\/wp-content\/uploads\/2026\/04\/CLEMENTINA-MERLETTI-2-1.png\" \/>\n\t<meta property=\"og:image:width\" content=\"1587\" \/>\n\t<meta property=\"og:image:height\" content=\"2245\" \/>\n\t<meta property=\"og:image:type\" content=\"image\/png\" \/>\n<meta name=\"twitter:card\" content=\"summary_large_image\" \/>\n<meta name=\"twitter:label1\" content=\"Tiempo de lectura\" \/>\n\t<meta name=\"twitter:data1\" content=\"1 minuto\" \/>\n<script type=\"application\/ld+json\" class=\"yoast-schema-graph\">{\"@context\":\"https:\\\/\\\/schema.org\",\"@graph\":[{\"@type\":\"WebPage\",\"@id\":\"https:\\\/\\\/mmarin.santcugatesn.com\\\/index.php\\\/product\\\/luce-di-clementina\\\/\",\"url\":\"https:\\\/\\\/mmarin.santcugatesn.com\\\/index.php\\\/product\\\/luce-di-clementina\\\/\",\"name\":\"LUCE DI CLEMENTINA -\",\"isPartOf\":{\"@id\":\"https:\\\/\\\/mmarin.santcugatesn.com\\\/#website\"},\"primaryImageOfPage\":{\"@id\":\"https:\\\/\\\/mmarin.santcugatesn.com\\\/index.php\\\/product\\\/luce-di-clementina\\\/#primaryimage\"},\"image\":{\"@id\":\"https:\\\/\\\/mmarin.santcugatesn.com\\\/index.php\\\/product\\\/luce-di-clementina\\\/#primaryimage\"},\"thumbnailUrl\":\"https:\\\/\\\/mmarin.santcugatesn.com\\\/wp-content\\\/uploads\\\/2026\\\/04\\\/CLEMENTINA-MERLETTI-2-1.png\",\"datePublished\":\"2026-04-13T10:43:44+00:00\",\"dateModified\":\"2026-04-13T11:45:33+00:00\",\"breadcrumb\":{\"@id\":\"https:\\\/\\\/mmarin.santcugatesn.com\\\/index.php\\\/product\\\/luce-di-clementina\\\/#breadcrumb\"},\"inLanguage\":\"es\",\"potentialAction\":[{\"@type\":\"ReadAction\",\"target\":[\"https:\\\/\\\/mmarin.santcugatesn.com\\\/index.php\\\/product\\\/luce-di-clementina\\\/\"]}]},{\"@type\":\"ImageObject\",\"inLanguage\":\"es\",\"@id\":\"https:\\\/\\\/mmarin.santcugatesn.com\\\/index.php\\\/product\\\/luce-di-clementina\\\/#primaryimage\",\"url\":\"https:\\\/\\\/mmarin.santcugatesn.com\\\/wp-content\\\/uploads\\\/2026\\\/04\\\/CLEMENTINA-MERLETTI-2-1.png\",\"contentUrl\":\"https:\\\/\\\/mmarin.santcugatesn.com\\\/wp-content\\\/uploads\\\/2026\\\/04\\\/CLEMENTINA-MERLETTI-2-1.png\",\"width\":1587,\"height\":2245},{\"@type\":\"BreadcrumbList\",\"@id\":\"https:\\\/\\\/mmarin.santcugatesn.com\\\/index.php\\\/product\\\/luce-di-clementina\\\/#breadcrumb\",\"itemListElement\":[{\"@type\":\"ListItem\",\"position\":1,\"name\":\"Home\",\"item\":\"https:\\\/\\\/mmarin.santcugatesn.com\\\/\"},{\"@type\":\"ListItem\",\"position\":2,\"name\":\"Shop\",\"item\":\"https:\\\/\\\/mmarin.santcugatesn.com\\\/index.php\\\/shop\\\/\"},{\"@type\":\"ListItem\",\"position\":3,\"name\":\"LUCE DI CLEMENTINA\"}]},{\"@type\":\"WebSite\",\"@id\":\"https:\\\/\\\/mmarin.santcugatesn.com\\\/#website\",\"url\":\"https:\\\/\\\/mmarin.santcugatesn.com\\\/\",\"name\":\"\",\"description\":\"\",\"potentialAction\":[{\"@type\":\"SearchAction\",\"target\":{\"@type\":\"EntryPoint\",\"urlTemplate\":\"https:\\\/\\\/mmarin.santcugatesn.com\\\/?s={search_term_string}\"},\"query-input\":{\"@type\":\"PropertyValueSpecification\",\"valueRequired\":true,\"valueName\":\"search_term_string\"}}],\"inLanguage\":\"es\"}]}<\/script>\n<!-- \/ Yoast SEO plugin. -->","yoast_head_json":{"title":"LUCE DI CLEMENTINA -","robots":{"index":"index","follow":"follow","max-snippet":"max-snippet:-1","max-image-preview":"max-image-preview:large","max-video-preview":"max-video-preview:-1"},"canonical":"https:\/\/mmarin.santcugatesn.com\/index.php\/product\/luce-di-clementina\/","og_locale":"es_ES","og_type":"article","og_title":"LUCE DI CLEMENTINA -","og_description":"Bolso de piel marr\u00f3n Luce di Clementina. Nuestra segunda edici\u00f3n exclusiva inspirada en la calidez, los destellos y la libertad de expresi\u00f3n de los a\u00f1os 70.","og_url":"https:\/\/mmarin.santcugatesn.com\/index.php\/product\/luce-di-clementina\/","article_modified_time":"2026-04-13T11:45:33+00:00","og_image":[{"width":1587,"height":2245,"url":"https:\/\/mmarin.santcugatesn.com\/wp-content\/uploads\/2026\/04\/CLEMENTINA-MERLETTI-2-1.png","type":"image\/png"}],"twitter_card":"summary_large_image","twitter_misc":{"Tiempo de lectura":"1 minuto"},"schema":{"@context":"https:\/\/schema.org","@graph":[{"@type":"WebPage","@id":"https:\/\/mmarin.santcugatesn.com\/index.php\/product\/luce-di-clementina\/","url":"https:\/\/mmarin.santcugatesn.com\/index.php\/product\/luce-di-clementina\/","name":"LUCE DI CLEMENTINA -","isPartOf":{"@id":"https:\/\/mmarin.santcugatesn.com\/#website"},"primaryImageOfPage":{"@id":"https:\/\/mmarin.santcugatesn.com\/index.php\/product\/luce-di-clementina\/#primaryimage"},"image":{"@id":"https:\/\/mmarin.santcugatesn.com\/index.php\/product\/luce-di-clementina\/#primaryimage"},"thumbnailUrl":"https:\/\/mmarin.santcugatesn.com\/wp-content\/uploads\/2026\/04\/CLEMENTINA-MERLETTI-2-1.png","datePublished":"2026-04-13T10:43:44+00:00","dateModified":"2026-04-13T11:45:33+00:00","breadcrumb":{"@id":"https:\/\/mmarin.santcugatesn.com\/index.php\/product\/luce-di-clementina\/#breadcrumb"},"inLanguage":"es","potentialAction":[{"@type":"ReadAction","target":["https:\/\/mmarin.santcugatesn.com\/index.php\/product\/luce-di-clementina\/"]}]},{"@type":"ImageObject","inLanguage":"es","@id":"https:\/\/mmarin.santcugatesn.com\/index.php\/product\/luce-di-clementina\/#primaryimage","url":"https:\/\/mmarin.santcugatesn.com\/wp-content\/uploads\/2026\/04\/CLEMENTINA-MERLETTI-2-1.png","contentUrl":"https:\/\/mmarin.santcugatesn.com\/wp-content\/uploads\/2026\/04\/CLEMENTINA-MERLETTI-2-1.png","width":1587,"height":2245},{"@type":"BreadcrumbList","@id":"https:\/\/mmarin.santcugatesn.com\/index.php\/product\/luce-di-clementina\/#breadcrumb","itemListElement":[{"@type":"ListItem","position":1,"name":"Home","item":"https:\/\/mmarin.santcugatesn.com\/"},{"@type":"ListItem","position":2,"name":"Shop","item":"https:\/\/mmarin.santcugatesn.com\/index.php\/shop\/"},{"@type":"ListItem","position":3,"name":"LUCE DI CLEMENTINA"}]},{"@type":"WebSite","@id":"https:\/\/mmarin.santcugatesn.com\/#website","url":"https:\/\/mmarin.santcugatesn.com\/","name":"","description":"","potentialAction":[{"@type":"SearchAction","target":{"@type":"EntryPoint","urlTemplate":"https:\/\/mmarin.santcugatesn.com\/?s={search_term_string}"},"query-input":{"@type":"PropertyValueSpecification","valueRequired":true,"valueName":"search_term_string"}}],"inLanguage":"es"}]}},"_links":{"self":[{"href":"https:\/\/mmarin.santcugatesn.com\/index.php\/wp-json\/wp\/v2\/product\/68","targetHints":{"allow":["GET"]}}],"collection":[{"href":"https:\/\/mmarin.santcugatesn.com\/index.php\/wp-json\/wp\/v2\/product"}],"about":[{"href":"https:\/\/mmarin.santcugatesn.com\/index.php\/wp-json\/wp\/v2\/types\/product"}],"replies":[{"embeddable":true,"href":"https:\/\/mmarin.santcugatesn.com\/index.php\/wp-json\/wp\/v2\/comments?post=68"}],"wp:featuredmedia":[{"embeddable":true,"href":"https:\/\/mmarin.santcugatesn.com\/index.php\/wp-json\/wp\/v2\/media\/69"}],"wp:attachment":[{"href":"https:\/\/mmarin.santcugatesn.com\/index.php\/wp-json\/wp\/v2\/media?parent=68"}],"wp:term":[{"taxonomy":"product_brand","embeddable":true,"href":"https:\/\/mmarin.santcugatesn.com\/index.php\/wp-json\/wp\/v2\/product_brand?post=68"},{"taxonomy":"product_cat","embeddable":true,"href":"https:\/\/mmarin.santcugatesn.com\/index.php\/wp-json\/wp\/v2\/product_cat?post=68"},{"taxonomy":"product_tag","embeddable":true,"href":"https:\/\/mmarin.santcugatesn.com\/index.php\/wp-json\/wp\/v2\/product_tag?post=68"}],"curies":[{"name":"wp","href":"https:\/\/api.w.org\/{rel}","templated":true}]}}