{"id":74,"date":"2026-04-13T11:32:07","date_gmt":"2026-04-13T11:32:07","guid":{"rendered":"https:\/\/mmarin.santcugatesn.com\/?post_type=product&#038;p=74"},"modified":"2026-04-14T15:59:20","modified_gmt":"2026-04-14T15:59:20","slug":"lavenue","status":"publish","type":"product","link":"https:\/\/mmarin.santcugatesn.com\/index.php\/product\/lavenue\/","title":{"rendered":"L&#8217;AVENUE"},"content":{"rendered":"<p>Donde la ciudad marca el nuevo ritmo del lujo. Nuestra tercera edici\u00f3n, L&#8217;Avenue, captura el dinamismo y la est\u00e9tica vanguardista de los a\u00f1os 2000 para transformarlos en un icono de sofisticaci\u00f3n contempor\u00e1nea. Inspirada en la audacia de una d\u00e9cada que desafi\u00f3 las reglas, esta pieza fusiona siluetas urbanas y detalles t\u00e9cnicos con la elegancia atemporal de nuestra marroquiner\u00eda artesanal. Un dise\u00f1o modelado a mano en Espa\u00f1a que celebra el movimiento y la seguridad de quien recorre las avenidas del presente. Es el equilibrio perfecto entre la energ\u00eda del cambio de milenio y la exclusividad de un legado que mira siempre hacia el futuro.<\/p>\n","protected":false},"excerpt":{"rendered":"<p>Bolso de piel marr\u00f3n oscuro L&#8217;Avenue. Nuestra tercera edici\u00f3n exclusiva inspirada en el dinamismo, la est\u00e9tica urbana y la mirada vanguardista de los a\u00f1os 2000.<\/p>\n","protected":false},"featured_media":75,"comment_status":"open","ping_status":"closed","template":"","meta":{"_joinchat":[]},"product_brand":[],"product_cat":[27],"product_tag":[],"class_list":{"0":"post-74","1":"product","2":"type-product","3":"status-publish","4":"has-post-thumbnail","6":"product_cat-lavenue","8":"first","9":"instock","10":"shipping-taxable","11":"purchasable","12":"product-type-simple"},"yoast_head":"<!-- This site is optimized with the Yoast SEO plugin v27.4 - https:\/\/yoast.com\/product\/yoast-seo-wordpress\/ -->\n<title>L&#039;AVENUE -<\/title>\n<meta name=\"robots\" content=\"index, follow, max-snippet:-1, max-image-preview:large, max-video-preview:-1\" \/>\n<link rel=\"canonical\" href=\"https:\/\/mmarin.santcugatesn.com\/index.php\/product\/lavenue\/\" \/>\n<meta property=\"og:locale\" content=\"es_ES\" \/>\n<meta property=\"og:type\" content=\"article\" \/>\n<meta property=\"og:title\" content=\"L&#039;AVENUE -\" \/>\n<meta property=\"og:description\" content=\"Bolso de piel marr\u00f3n oscuro L&#039;Avenue. Nuestra tercera edici\u00f3n exclusiva inspirada en el dinamismo, la est\u00e9tica urbana y la mirada vanguardista de los a\u00f1os 2000.\" \/>\n<meta property=\"og:url\" content=\"https:\/\/mmarin.santcugatesn.com\/index.php\/product\/lavenue\/\" \/>\n<meta property=\"article:modified_time\" content=\"2026-04-14T15:59:20+00:00\" \/>\n<meta property=\"og:image\" content=\"https:\/\/mmarin.santcugatesn.com\/wp-content\/uploads\/2026\/04\/CLEMENTINA-MERLETTI-3.png\" \/>\n\t<meta property=\"og:image:width\" content=\"1587\" \/>\n\t<meta property=\"og:image:height\" content=\"2245\" \/>\n\t<meta property=\"og:image:type\" content=\"image\/png\" \/>\n<meta name=\"twitter:card\" content=\"summary_large_image\" \/>\n<meta name=\"twitter:label1\" content=\"Tiempo de lectura\" \/>\n\t<meta name=\"twitter:data1\" content=\"1 minuto\" \/>\n<script type=\"application\/ld+json\" class=\"yoast-schema-graph\">{\"@context\":\"https:\\\/\\\/schema.org\",\"@graph\":[{\"@type\":\"WebPage\",\"@id\":\"https:\\\/\\\/mmarin.santcugatesn.com\\\/index.php\\\/product\\\/lavenue\\\/\",\"url\":\"https:\\\/\\\/mmarin.santcugatesn.com\\\/index.php\\\/product\\\/lavenue\\\/\",\"name\":\"L'AVENUE -\",\"isPartOf\":{\"@id\":\"https:\\\/\\\/mmarin.santcugatesn.com\\\/#website\"},\"primaryImageOfPage\":{\"@id\":\"https:\\\/\\\/mmarin.santcugatesn.com\\\/index.php\\\/product\\\/lavenue\\\/#primaryimage\"},\"image\":{\"@id\":\"https:\\\/\\\/mmarin.santcugatesn.com\\\/index.php\\\/product\\\/lavenue\\\/#primaryimage\"},\"thumbnailUrl\":\"https:\\\/\\\/mmarin.santcugatesn.com\\\/wp-content\\\/uploads\\\/2026\\\/04\\\/CLEMENTINA-MERLETTI-3.png\",\"datePublished\":\"2026-04-13T11:32:07+00:00\",\"dateModified\":\"2026-04-14T15:59:20+00:00\",\"breadcrumb\":{\"@id\":\"https:\\\/\\\/mmarin.santcugatesn.com\\\/index.php\\\/product\\\/lavenue\\\/#breadcrumb\"},\"inLanguage\":\"es\",\"potentialAction\":[{\"@type\":\"ReadAction\",\"target\":[\"https:\\\/\\\/mmarin.santcugatesn.com\\\/index.php\\\/product\\\/lavenue\\\/\"]}]},{\"@type\":\"ImageObject\",\"inLanguage\":\"es\",\"@id\":\"https:\\\/\\\/mmarin.santcugatesn.com\\\/index.php\\\/product\\\/lavenue\\\/#primaryimage\",\"url\":\"https:\\\/\\\/mmarin.santcugatesn.com\\\/wp-content\\\/uploads\\\/2026\\\/04\\\/CLEMENTINA-MERLETTI-3.png\",\"contentUrl\":\"https:\\\/\\\/mmarin.santcugatesn.com\\\/wp-content\\\/uploads\\\/2026\\\/04\\\/CLEMENTINA-MERLETTI-3.png\",\"width\":1587,\"height\":2245},{\"@type\":\"BreadcrumbList\",\"@id\":\"https:\\\/\\\/mmarin.santcugatesn.com\\\/index.php\\\/product\\\/lavenue\\\/#breadcrumb\",\"itemListElement\":[{\"@type\":\"ListItem\",\"position\":1,\"name\":\"Home\",\"item\":\"https:\\\/\\\/mmarin.santcugatesn.com\\\/\"},{\"@type\":\"ListItem\",\"position\":2,\"name\":\"Shop\",\"item\":\"https:\\\/\\\/mmarin.santcugatesn.com\\\/index.php\\\/shop\\\/\"},{\"@type\":\"ListItem\",\"position\":3,\"name\":\"L&#8217;AVENUE\"}]},{\"@type\":\"WebSite\",\"@id\":\"https:\\\/\\\/mmarin.santcugatesn.com\\\/#website\",\"url\":\"https:\\\/\\\/mmarin.santcugatesn.com\\\/\",\"name\":\"\",\"description\":\"\",\"potentialAction\":[{\"@type\":\"SearchAction\",\"target\":{\"@type\":\"EntryPoint\",\"urlTemplate\":\"https:\\\/\\\/mmarin.santcugatesn.com\\\/?s={search_term_string}\"},\"query-input\":{\"@type\":\"PropertyValueSpecification\",\"valueRequired\":true,\"valueName\":\"search_term_string\"}}],\"inLanguage\":\"es\"}]}<\/script>\n<!-- \/ Yoast SEO plugin. -->","yoast_head_json":{"title":"L'AVENUE -","robots":{"index":"index","follow":"follow","max-snippet":"max-snippet:-1","max-image-preview":"max-image-preview:large","max-video-preview":"max-video-preview:-1"},"canonical":"https:\/\/mmarin.santcugatesn.com\/index.php\/product\/lavenue\/","og_locale":"es_ES","og_type":"article","og_title":"L'AVENUE -","og_description":"Bolso de piel marr\u00f3n oscuro L'Avenue. Nuestra tercera edici\u00f3n exclusiva inspirada en el dinamismo, la est\u00e9tica urbana y la mirada vanguardista de los a\u00f1os 2000.","og_url":"https:\/\/mmarin.santcugatesn.com\/index.php\/product\/lavenue\/","article_modified_time":"2026-04-14T15:59:20+00:00","og_image":[{"width":1587,"height":2245,"url":"https:\/\/mmarin.santcugatesn.com\/wp-content\/uploads\/2026\/04\/CLEMENTINA-MERLETTI-3.png","type":"image\/png"}],"twitter_card":"summary_large_image","twitter_misc":{"Tiempo de lectura":"1 minuto"},"schema":{"@context":"https:\/\/schema.org","@graph":[{"@type":"WebPage","@id":"https:\/\/mmarin.santcugatesn.com\/index.php\/product\/lavenue\/","url":"https:\/\/mmarin.santcugatesn.com\/index.php\/product\/lavenue\/","name":"L'AVENUE -","isPartOf":{"@id":"https:\/\/mmarin.santcugatesn.com\/#website"},"primaryImageOfPage":{"@id":"https:\/\/mmarin.santcugatesn.com\/index.php\/product\/lavenue\/#primaryimage"},"image":{"@id":"https:\/\/mmarin.santcugatesn.com\/index.php\/product\/lavenue\/#primaryimage"},"thumbnailUrl":"https:\/\/mmarin.santcugatesn.com\/wp-content\/uploads\/2026\/04\/CLEMENTINA-MERLETTI-3.png","datePublished":"2026-04-13T11:32:07+00:00","dateModified":"2026-04-14T15:59:20+00:00","breadcrumb":{"@id":"https:\/\/mmarin.santcugatesn.com\/index.php\/product\/lavenue\/#breadcrumb"},"inLanguage":"es","potentialAction":[{"@type":"ReadAction","target":["https:\/\/mmarin.santcugatesn.com\/index.php\/product\/lavenue\/"]}]},{"@type":"ImageObject","inLanguage":"es","@id":"https:\/\/mmarin.santcugatesn.com\/index.php\/product\/lavenue\/#primaryimage","url":"https:\/\/mmarin.santcugatesn.com\/wp-content\/uploads\/2026\/04\/CLEMENTINA-MERLETTI-3.png","contentUrl":"https:\/\/mmarin.santcugatesn.com\/wp-content\/uploads\/2026\/04\/CLEMENTINA-MERLETTI-3.png","width":1587,"height":2245},{"@type":"BreadcrumbList","@id":"https:\/\/mmarin.santcugatesn.com\/index.php\/product\/lavenue\/#breadcrumb","itemListElement":[{"@type":"ListItem","position":1,"name":"Home","item":"https:\/\/mmarin.santcugatesn.com\/"},{"@type":"ListItem","position":2,"name":"Shop","item":"https:\/\/mmarin.santcugatesn.com\/index.php\/shop\/"},{"@type":"ListItem","position":3,"name":"L&#8217;AVENUE"}]},{"@type":"WebSite","@id":"https:\/\/mmarin.santcugatesn.com\/#website","url":"https:\/\/mmarin.santcugatesn.com\/","name":"","description":"","potentialAction":[{"@type":"SearchAction","target":{"@type":"EntryPoint","urlTemplate":"https:\/\/mmarin.santcugatesn.com\/?s={search_term_string}"},"query-input":{"@type":"PropertyValueSpecification","valueRequired":true,"valueName":"search_term_string"}}],"inLanguage":"es"}]}},"_links":{"self":[{"href":"https:\/\/mmarin.santcugatesn.com\/index.php\/wp-json\/wp\/v2\/product\/74","targetHints":{"allow":["GET"]}}],"collection":[{"href":"https:\/\/mmarin.santcugatesn.com\/index.php\/wp-json\/wp\/v2\/product"}],"about":[{"href":"https:\/\/mmarin.santcugatesn.com\/index.php\/wp-json\/wp\/v2\/types\/product"}],"replies":[{"embeddable":true,"href":"https:\/\/mmarin.santcugatesn.com\/index.php\/wp-json\/wp\/v2\/comments?post=74"}],"wp:featuredmedia":[{"embeddable":true,"href":"https:\/\/mmarin.santcugatesn.com\/index.php\/wp-json\/wp\/v2\/media\/75"}],"wp:attachment":[{"href":"https:\/\/mmarin.santcugatesn.com\/index.php\/wp-json\/wp\/v2\/media?parent=74"}],"wp:term":[{"taxonomy":"product_brand","embeddable":true,"href":"https:\/\/mmarin.santcugatesn.com\/index.php\/wp-json\/wp\/v2\/product_brand?post=74"},{"taxonomy":"product_cat","embeddable":true,"href":"https:\/\/mmarin.santcugatesn.com\/index.php\/wp-json\/wp\/v2\/product_cat?post=74"},{"taxonomy":"product_tag","embeddable":true,"href":"https:\/\/mmarin.santcugatesn.com\/index.php\/wp-json\/wp\/v2\/product_tag?post=74"}],"curies":[{"name":"wp","href":"https:\/\/api.w.org\/{rel}","templated":true}]}}